{"id":120,"date":"2019-12-26T07:03:54","date_gmt":"2019-12-26T06:03:54","guid":{"rendered":"https:\/\/pandawer.pl\/?page_id=120"},"modified":"2025-10-20T15:48:11","modified_gmt":"2025-10-20T13:48:11","slug":"services","status":"publish","type":"page","link":"https:\/\/pandawer.pl\/?page_id=120","title":{"rendered":"Services"},"content":{"rendered":"<section>\n<h2>NASZE US\u0141UGI<\/h2>\n<h3>DtP I NIE TYLKO<\/h3>\n<\/section>\n<section>\n<h4>Opracowanie j\u0119zykowe<\/h4>\n<p>Wsp\u00f3\u0142pracujemy ze sprawdzonym zespo\u0142em redaktor\u00f3w i korektor\u00f3w j\u0119zykowych. Dzi\u0119ki ich staraniu Tw\u00f3j tekst b\u0119dzie nie tylko poprawny, b\u0119dzie te\u017c jasny, zrozumia\u0142y i precyzyjnie dopasowany do odbiorcy, do kt\u00f3rego go kierujesz.<\/p>\n<\/section>\n<p><!-- widget-container -->\t\t\t\t<\/p>\n<section>\n<h4>Sk\u0142ad i \u0142amanie tekstu<\/h4>\n<p>Przygotowujemy do druku publikacje wszelkiego typu. Zaprojektujemy layout stosownie do Twoich \u017cycze\u0144 i potrzeb. Przygotujemy Twoj\u0105 publikacj\u0119 sprawnie i profesjonalnie za pomoc\u0105 oprogramowania Adobe.<\/p>\n<\/section>\n<p><!-- widget-container -->\t\t\t\t<\/p>\n<section>\n<h4>Organizacja druku<\/h4>\n<p>Wsp\u00f3\u0142pracujemy z wiod\u0105cymi drukarniami cyfrowymi i offsetowymi w kraju. Dopilnujemy wydruku Twojej publikacji od momentu przes\u0142ania jej do druku a\u017c po dostaw\u0119 na wskazany przez Ciebie adres. Oferujemy konkurencyjne ceny i sprawdzon\u0105 jako\u015b\u0107.<\/p>\n<\/section>\n<p><!-- widget-container -->\t\t\t\t<\/p>\n<section>\n<h4>E-publikacje \u2013 r\u00f3\u017cne formaty<\/h4>\n<p>Przygotowujemy ebooki w dowolnych formatach &#8211; ePDF, ePub, mobi. Dostosowujemy nasze konwersje do wymog\u00f3w WCAG oraz EAA, dzi\u0119ki czemu spe\u0142niaj\u0105 warunek dost\u0119pno\u015bci.\u00a0<\/p>\n<\/section>\n<p><!-- widget-container -->\t\t\t\t<\/p>\n<section>\n<h5>TY MASZ SPOK\u00d3J \u2013<\/h5>\n<h3>MY ZAJMUJEMY SI\u0118 WSZYSTKIM<\/h3>\n<p>Zajmujemy si\u0119 profesjonalnym przygotowaniem tekstu do publikacji elektronicznej i druku. \u015awiadczymy us\u0142ugi outsourcingu wydawniczego, obejmuj\u0105ce wszystkie etapy produkcji DtP (sk\u0142ad tekstu, \u0142amanie ksi\u0105\u017cek i wszelkiego rodzaju innych publikacji, redakcj\u0119 i korekt\u0119). Oferujemy nie tylko us\u0142ugi pre-press (DtP), lecz tak\u017ce profesjonaln\u0105 obs\u0142ug\u0119 druku i dostaw\u0119 gotowego nak\u0142adu do Twojego domu lub magazynu. Aby dowiedzie\u0107 si\u0119, jaki jest koszt naszych us\u0142ug, zapoznaj si\u0119 z cennikiem DtP. Obejmuje on podstawowe czynno\u015bci, jak na przyk\u0142ad sk\u0142ad tekstu prostego czy z utrudnieniami. Sk\u0142ad i \u0142amanie tekst\u00f3w matematycznych, encyklopedii, album\u00f3w czy s\u0142ownik\u00f3w tak\u017ce nie stanowi dla nas problemu \ud83d\ude42 Zapraszamy do kontaktu! Warszawa, Berlin czy Nowy Jork, gdziekolwiek jeste\u015b \u2013 zajmiemy si\u0119 Twoj\u0105 publikacj\u0105!<\/p>\n<\/section>\n<section>\n            <img loading=\"lazy\" decoding=\"async\" width=\"830\" height=\"647\" src=\"data:image\/gif;base64,R0lGODlhAQABAIAAAAAAAP\/\/\/yH5BAEAAAAALAAAAAABAAEAAAIBRAA7\" alt=\"computer-5978788\" data-ratio=\"1.28\" data-original-w=\"2560\" sizes=\"auto\" data-srcset=\"https:\/\/pandawer.pl\/wp-content\/uploads\/2025\/10\/computer-5978788-scaled-150x117.jpg 150w,https:\/\/pandawer.pl\/wp-content\/uploads\/2025\/10\/computer-5978788-scaled-300x234.jpg 300w,https:\/\/pandawer.pl\/wp-content\/uploads\/2025\/10\/computer-5978788-scaled-768x599.jpg 768w,https:\/\/pandawer.pl\/wp-content\/uploads\/2025\/10\/computer-5978788-scaled-1024x798.jpg 1024w,https:\/\/pandawer.pl\/wp-content\/uploads\/2025\/10\/computer-5978788-scaled-830x647.jpg 830w\" data-src=\"https:\/\/pandawer.pl\/wp-content\/uploads\/2025\/10\/computer-5978788-scaled-830x647.jpg\" \/><br \/>\n<\/section>\n<p><!-- widget-container -->\t\t\t\t<\/p>\n<section>\n            <img loading=\"lazy\" decoding=\"async\" width=\"578\" height=\"238\" src=\"data:image\/gif;base64,R0lGODlhAQABAIAAAAAAAP\/\/\/yH5BAEAAAAALAAAAAABAAEAAAIBRAA7\" alt=\"UW_PL_uproszczony\" data-ratio=\"2.43\" data-original-w=\"578\" data-src=\"https:\/\/pandawer.pl\/wp-content\/uploads\/2025\/10\/UW_PL_uproszczony.jpg\" \/><br \/>\n<\/section>\n<p><!-- widget-container -->\t\t\t\t<\/p>\n<section>\n            <img loading=\"lazy\" decoding=\"async\" width=\"276\" height=\"72\" src=\"data:image\/gif;base64,R0lGODlhAQABAIAAAAAAAP\/\/\/yH5BAEAAAAALAAAAAABAAEAAAIBRAA7\" alt=\"Beck_logo_276x72_NEW\" data-ratio=\"1\" data-original-w=\"276\" sizes=\"auto\" data-srcset=\"https:\/\/pandawer.pl\/wp-content\/uploads\/2025\/10\/Beck_logo_276x72_NEW-150x72.png 150w,https:\/\/pandawer.pl\/wp-content\/uploads\/2025\/10\/Beck_logo_276x72_NEW.png 276w\" data-src=\"https:\/\/pandawer.pl\/wp-content\/uploads\/2025\/10\/Beck_logo_276x72_NEW.png\" \/><br \/>\n<\/section>\n<p><!-- widget-container -->\t\t\t\t<\/p>\n<section>\n            <img loading=\"lazy\" decoding=\"async\" width=\"150\" height=\"150\" src=\"data:image\/gif;base64,R0lGODlhAQABAIAAAAAAAP\/\/\/yH5BAEAAAAALAAAAAABAAEAAAIBRAA7\" alt=\"Logo Uczelnia \u0141azarskiego PL grey80\" data-ratio=\"1\" data-original-w=\"836\" sizes=\"auto\" data-srcset=\"https:\/\/pandawer.pl\/wp-content\/uploads\/2025\/10\/Logo-Uczelnia-Lazarskiego-PL-grey80-150x150.jpg 150w,https:\/\/pandawer.pl\/wp-content\/uploads\/2025\/10\/Logo-Uczelnia-Lazarskiego-PL-grey80-300x300.jpg 300w,https:\/\/pandawer.pl\/wp-content\/uploads\/2025\/10\/Logo-Uczelnia-Lazarskiego-PL-grey80-768x749.jpg 768w,https:\/\/pandawer.pl\/wp-content\/uploads\/2025\/10\/Logo-Uczelnia-Lazarskiego-PL-grey80-150x150.jpg 150w\" data-src=\"https:\/\/pandawer.pl\/wp-content\/uploads\/2025\/10\/Logo-Uczelnia-Lazarskiego-PL-grey80-150x150.jpg\" \/><br \/>\n<\/section>\n<p><!-- widget-container -->\t\t\t\t<\/p>\n<section>\n            <img loading=\"lazy\" decoding=\"async\" width=\"100\" height=\"152\" src=\"data:image\/gif;base64,R0lGODlhAQABAIAAAAAAAP\/\/\/yH5BAEAAAAALAAAAAABAAEAAAIBRAA7\" alt=\"StudWilan28www-3mini\" data-ratio=\"0.66\" data-original-w=\"100\" data-src=\"https:\/\/pandawer.pl\/wp-content\/uploads\/2025\/10\/StudWilan28www-3mini.jpg\" \/><br \/>\n<\/section>\n<p><!-- widget-container -->\t\t\t\t<\/p>\n<section>\n            <img loading=\"lazy\" decoding=\"async\" width=\"2039\" height=\"1173\" src=\"data:image\/gif;base64,R0lGODlhAQABAIAAAAAAAP\/\/\/yH5BAEAAAAALAAAAAABAAEAAAIBRAA7\" alt=\"FBF_LOGO_black_34mm\" data-ratio=\"1.74\" data-original-w=\"2039\" data-src=\"https:\/\/pandawer.pl\/wp-content\/uploads\/2025\/10\/FBF_LOGO_black_34mm.jpg\" \/><br \/>\n<\/section>\n<p><!-- widget-container -->\t\t\t\t<\/p>\n<section>\n            <img loading=\"lazy\" decoding=\"async\" width=\"2560\" height=\"1241\" src=\"data:image\/gif;base64,R0lGODlhAQABAIAAAAAAAP\/\/\/yH5BAEAAAAALAAAAAABAAEAAAIBRAA7\" alt=\"Vocatio bez cudzyslowu\" data-ratio=\"2.06\" data-original-w=\"2560\" data-src=\"https:\/\/pandawer.pl\/wp-content\/uploads\/2025\/10\/Vocatio-bez-cudzyslowu-scaled.jpg\" \/><br \/>\n<\/section>\n<p><!-- widget-container --><\/p>\n","protected":false},"excerpt":{"rendered":"<p>NASZE US\u0141UGI DtP I NIE TYLKO Opracowanie j\u0119zykowe Wsp\u00f3\u0142pracujemy ze sprawdzonym zespo\u0142em redaktor\u00f3w i korektor\u00f3w j\u0119zykowych. Dzi\u0119ki ich staraniu Tw\u00f3j tekst b\u0119dzie nie tylko poprawny, b\u0119dzie te\u017c jasny, zrozumia\u0142y i precyzyjnie dopasowany do odbiorcy, do kt\u00f3rego go kierujesz. Sk\u0142ad i \u0142amanie tekstu Przygotowujemy do druku publikacje wszelkiego typu. Zaprojektujemy layout stosownie do Twoich \u017cycze\u0144 i&#8230;<\/p>\n","protected":false},"author":1,"featured_media":0,"parent":0,"menu_order":0,"comment_status":"closed","ping_status":"closed","template":"templates\/page-builder-content.php","meta":{"_kad_post_transparent":"","_kad_post_title":"","_kad_post_layout":"","_kad_post_sidebar_id":"","_kad_post_content_style":"","_kad_post_vertical_padding":"","_kad_post_feature":"","_kad_post_feature_position":"","_kad_post_header":false,"_kad_post_footer":false,"_kad_post_classname":"","footnotes":""},"class_list":["post-120","page","type-page","status-publish","hentry"],"yoast_head":"<!-- This site is optimized with the Yoast SEO plugin v27.5 - https:\/\/yoast.com\/product\/yoast-seo-wordpress\/ -->\n<title>Services - PanDawer<\/title>\n<meta name=\"robots\" content=\"index, follow, max-snippet:-1, max-image-preview:large, max-video-preview:-1\" \/>\n<link rel=\"canonical\" href=\"https:\/\/pandawer.pl\/?page_id=120\" \/>\n<meta property=\"og:locale\" content=\"en_US\" \/>\n<meta property=\"og:type\" content=\"article\" \/>\n<meta property=\"og:title\" content=\"Services - PanDawer\" \/>\n<meta property=\"og:description\" content=\"NASZE US\u0141UGI DtP I NIE TYLKO Opracowanie j\u0119zykowe Wsp\u00f3\u0142pracujemy ze sprawdzonym zespo\u0142em redaktor\u00f3w i korektor\u00f3w j\u0119zykowych. Dzi\u0119ki ich staraniu Tw\u00f3j tekst b\u0119dzie nie tylko poprawny, b\u0119dzie te\u017c jasny, zrozumia\u0142y i precyzyjnie dopasowany do odbiorcy, do kt\u00f3rego go kierujesz. Sk\u0142ad i \u0142amanie tekstu Przygotowujemy do druku publikacje wszelkiego typu. Zaprojektujemy layout stosownie do Twoich \u017cycze\u0144 i...\" \/>\n<meta property=\"og:url\" content=\"https:\/\/pandawer.pl\/?page_id=120\" \/>\n<meta property=\"og:site_name\" content=\"PanDawer\" \/>\n<meta property=\"article:modified_time\" content=\"2025-10-20T13:48:11+00:00\" \/>\n<meta name=\"twitter:card\" content=\"summary_large_image\" \/>\n<meta name=\"twitter:label1\" content=\"Est. reading time\" \/>\n\t<meta name=\"twitter:data1\" content=\"3 minutes\" \/>\n<script type=\"application\/ld+json\" class=\"yoast-schema-graph\">{\"@context\":\"https:\\\/\\\/schema.org\",\"@graph\":[{\"@type\":\"WebPage\",\"@id\":\"https:\\\/\\\/pandawer.pl\\\/?page_id=120\",\"url\":\"https:\\\/\\\/pandawer.pl\\\/?page_id=120\",\"name\":\"Services - PanDawer\",\"isPartOf\":{\"@id\":\"https:\\\/\\\/pandawer.pl\\\/#website\"},\"datePublished\":\"2019-12-26T06:03:54+00:00\",\"dateModified\":\"2025-10-20T13:48:11+00:00\",\"breadcrumb\":{\"@id\":\"https:\\\/\\\/pandawer.pl\\\/?page_id=120#breadcrumb\"},\"inLanguage\":\"en-US\",\"potentialAction\":[{\"@type\":\"ReadAction\",\"target\":[\"https:\\\/\\\/pandawer.pl\\\/?page_id=120\"]}]},{\"@type\":\"BreadcrumbList\",\"@id\":\"https:\\\/\\\/pandawer.pl\\\/?page_id=120#breadcrumb\",\"itemListElement\":[{\"@type\":\"ListItem\",\"position\":1,\"name\":\"Home\",\"item\":\"https:\\\/\\\/pandawer.pl\\\/\"},{\"@type\":\"ListItem\",\"position\":2,\"name\":\"Services\"}]},{\"@type\":\"WebSite\",\"@id\":\"https:\\\/\\\/pandawer.pl\\\/#website\",\"url\":\"https:\\\/\\\/pandawer.pl\\\/\",\"name\":\"PanDawer\",\"description\":\"\",\"publisher\":{\"@id\":\"https:\\\/\\\/pandawer.pl\\\/#organization\"},\"potentialAction\":[{\"@type\":\"SearchAction\",\"target\":{\"@type\":\"EntryPoint\",\"urlTemplate\":\"https:\\\/\\\/pandawer.pl\\\/?s={search_term_string}\"},\"query-input\":{\"@type\":\"PropertyValueSpecification\",\"valueRequired\":true,\"valueName\":\"search_term_string\"}}],\"inLanguage\":\"en-US\"},{\"@type\":\"Organization\",\"@id\":\"https:\\\/\\\/pandawer.pl\\\/#organization\",\"name\":\"PanDawer\",\"url\":\"https:\\\/\\\/pandawer.pl\\\/\",\"logo\":{\"@type\":\"ImageObject\",\"inLanguage\":\"en-US\",\"@id\":\"https:\\\/\\\/pandawer.pl\\\/#\\\/schema\\\/logo\\\/image\\\/\",\"url\":\"https:\\\/\\\/pandawer.pl\\\/wp-content\\\/uploads\\\/2020\\\/01\\\/cropped-logo-pandawer-scaled-e1751701071535.png\",\"contentUrl\":\"https:\\\/\\\/pandawer.pl\\\/wp-content\\\/uploads\\\/2020\\\/01\\\/cropped-logo-pandawer-scaled-e1751701071535.png\",\"width\":198,\"height\":44,\"caption\":\"PanDawer\"},\"image\":{\"@id\":\"https:\\\/\\\/pandawer.pl\\\/#\\\/schema\\\/logo\\\/image\\\/\"}}]}<\/script>\n<!-- \/ Yoast SEO plugin. -->","yoast_head_json":{"title":"Services - PanDawer","robots":{"index":"index","follow":"follow","max-snippet":"max-snippet:-1","max-image-preview":"max-image-preview:large","max-video-preview":"max-video-preview:-1"},"canonical":"https:\/\/pandawer.pl\/?page_id=120","og_locale":"en_US","og_type":"article","og_title":"Services - PanDawer","og_description":"NASZE US\u0141UGI DtP I NIE TYLKO Opracowanie j\u0119zykowe Wsp\u00f3\u0142pracujemy ze sprawdzonym zespo\u0142em redaktor\u00f3w i korektor\u00f3w j\u0119zykowych. Dzi\u0119ki ich staraniu Tw\u00f3j tekst b\u0119dzie nie tylko poprawny, b\u0119dzie te\u017c jasny, zrozumia\u0142y i precyzyjnie dopasowany do odbiorcy, do kt\u00f3rego go kierujesz. Sk\u0142ad i \u0142amanie tekstu Przygotowujemy do druku publikacje wszelkiego typu. Zaprojektujemy layout stosownie do Twoich \u017cycze\u0144 i...","og_url":"https:\/\/pandawer.pl\/?page_id=120","og_site_name":"PanDawer","article_modified_time":"2025-10-20T13:48:11+00:00","twitter_card":"summary_large_image","twitter_misc":{"Est. reading time":"3 minutes"},"schema":{"@context":"https:\/\/schema.org","@graph":[{"@type":"WebPage","@id":"https:\/\/pandawer.pl\/?page_id=120","url":"https:\/\/pandawer.pl\/?page_id=120","name":"Services - PanDawer","isPartOf":{"@id":"https:\/\/pandawer.pl\/#website"},"datePublished":"2019-12-26T06:03:54+00:00","dateModified":"2025-10-20T13:48:11+00:00","breadcrumb":{"@id":"https:\/\/pandawer.pl\/?page_id=120#breadcrumb"},"inLanguage":"en-US","potentialAction":[{"@type":"ReadAction","target":["https:\/\/pandawer.pl\/?page_id=120"]}]},{"@type":"BreadcrumbList","@id":"https:\/\/pandawer.pl\/?page_id=120#breadcrumb","itemListElement":[{"@type":"ListItem","position":1,"name":"Home","item":"https:\/\/pandawer.pl\/"},{"@type":"ListItem","position":2,"name":"Services"}]},{"@type":"WebSite","@id":"https:\/\/pandawer.pl\/#website","url":"https:\/\/pandawer.pl\/","name":"PanDawer","description":"","publisher":{"@id":"https:\/\/pandawer.pl\/#organization"},"potentialAction":[{"@type":"SearchAction","target":{"@type":"EntryPoint","urlTemplate":"https:\/\/pandawer.pl\/?s={search_term_string}"},"query-input":{"@type":"PropertyValueSpecification","valueRequired":true,"valueName":"search_term_string"}}],"inLanguage":"en-US"},{"@type":"Organization","@id":"https:\/\/pandawer.pl\/#organization","name":"PanDawer","url":"https:\/\/pandawer.pl\/","logo":{"@type":"ImageObject","inLanguage":"en-US","@id":"https:\/\/pandawer.pl\/#\/schema\/logo\/image\/","url":"https:\/\/pandawer.pl\/wp-content\/uploads\/2020\/01\/cropped-logo-pandawer-scaled-e1751701071535.png","contentUrl":"https:\/\/pandawer.pl\/wp-content\/uploads\/2020\/01\/cropped-logo-pandawer-scaled-e1751701071535.png","width":198,"height":44,"caption":"PanDawer"},"image":{"@id":"https:\/\/pandawer.pl\/#\/schema\/logo\/image\/"}}]}},"_links":{"self":[{"href":"https:\/\/pandawer.pl\/index.php?rest_route=\/wp\/v2\/pages\/120","targetHints":{"allow":["GET"]}}],"collection":[{"href":"https:\/\/pandawer.pl\/index.php?rest_route=\/wp\/v2\/pages"}],"about":[{"href":"https:\/\/pandawer.pl\/index.php?rest_route=\/wp\/v2\/types\/page"}],"author":[{"embeddable":true,"href":"https:\/\/pandawer.pl\/index.php?rest_route=\/wp\/v2\/users\/1"}],"replies":[{"embeddable":true,"href":"https:\/\/pandawer.pl\/index.php?rest_route=%2Fwp%2Fv2%2Fcomments&post=120"}],"version-history":[{"count":18,"href":"https:\/\/pandawer.pl\/index.php?rest_route=\/wp\/v2\/pages\/120\/revisions"}],"predecessor-version":[{"id":236,"href":"https:\/\/pandawer.pl\/index.php?rest_route=\/wp\/v2\/pages\/120\/revisions\/236"}],"wp:attachment":[{"href":"https:\/\/pandawer.pl\/index.php?rest_route=%2Fwp%2Fv2%2Fmedia&parent=120"}],"curies":[{"name":"wp","href":"https:\/\/api.w.org\/{rel}","templated":true}]}}